{"id":15,"date":"2014-09-13T17:56:03","date_gmt":"2014-09-13T14:56:03","guid":{"rendered":"http:\/\/www.ozgurguler.net\/?page_id=15"},"modified":"2016-11-30T09:14:09","modified_gmt":"2016-11-30T06:14:09","slug":"iletisim","status":"publish","type":"page","link":"https:\/\/www.ozgurguler.net\/blog\/iletisim\/","title":{"rendered":"ileti\u015fim"},"content":{"rendered":"<p>[contact-form-7 id=&#8221;499&#8243; title=&#8221;\u0130leti\u015fim formu 1&#8243;]<\/p>\n<p><strong><a href=\"mailto:ozgurguler@gmail.com\">ozgurguler@gmail.com<\/a><\/strong><\/p>\n<p><strong><a href=\"http:\/\/www.ozgurguler.net\">http:\/\/www.ozgurguler.net<\/a><\/strong><br \/>\n<strong><a href=\"http:\/\/www.ozgurguler.com\">http:\/\/www.ozgurguler.com<\/a><\/strong><\/p>\n<h4><strong>Cep : \u00a00555 625 99 55<\/strong><\/h4>\n<p>\u00d6\u011frenmek pahal\u0131d\u0131r.<br \/>\nAma Cehalet!..<br \/>\nOndan da pahal\u0131d\u0131r<br \/>\n<em>HENRY CLAUSEN<\/em><\/p>\n<p><em>Bu sitedeki bilgilerin do\u011fru yada yanl\u0131\u015f kullan\u0131lmas\u0131ndan sitemiz sorumlu de\u011fildir.<br \/>\nBilginiz yeterli de\u011filse yedek almay\u0131 unutmay\u0131n\u0131z.<\/em><\/p>\n<p>&nbsp;<\/p>\n","protected":false},"excerpt":{"rendered":"<p>[contact-form-7 id=&#8221;499&#8243; title=&#8221;\u0130leti\u015fim formu 1&#8243;] ozgurguler@gmail.com http:\/\/www.ozgurguler.net http:\/\/www.ozgurguler.com Cep : \u00a00555 625 99 55 \u00d6\u011frenmek pahal\u0131d\u0131r. Ama Cehalet!.. Ondan da pahal\u0131d\u0131r HENRY CLAUSEN Bu sitedeki bilgilerin do\u011fru yada yanl\u0131\u015f kullan\u0131lmas\u0131ndan sitemiz sorumlu de\u011fildir. Bilginiz yeterli de\u011filse yedek almay\u0131 unutmay\u0131n\u0131z. &nbsp;<\/p>\n","protected":false},"author":4,"featured_media":0,"parent":0,"menu_order":0,"comment_status":"open","ping_status":"closed","template":"","meta":{"footnotes":""},"class_list":["post-15","page","type-page","status-publish","hentry"],"_links":{"self":[{"href":"https:\/\/www.ozgurguler.net\/blog\/wp-json\/wp\/v2\/pages\/15","targetHints":{"allow":["GET"]}}],"collection":[{"href":"https:\/\/www.ozgurguler.net\/blog\/wp-json\/wp\/v2\/pages"}],"about":[{"href":"https:\/\/www.ozgurguler.net\/blog\/wp-json\/wp\/v2\/types\/page"}],"author":[{"embeddable":true,"href":"https:\/\/www.ozgurguler.net\/blog\/wp-json\/wp\/v2\/users\/4"}],"replies":[{"embeddable":true,"href":"https:\/\/www.ozgurguler.net\/blog\/wp-json\/wp\/v2\/comments?post=15"}],"version-history":[{"count":20,"href":"https:\/\/www.ozgurguler.net\/blog\/wp-json\/wp\/v2\/pages\/15\/revisions"}],"predecessor-version":[{"id":1981,"href":"https:\/\/www.ozgurguler.net\/blog\/wp-json\/wp\/v2\/pages\/15\/revisions\/1981"}],"wp:attachment":[{"href":"https:\/\/www.ozgurguler.net\/blog\/wp-json\/wp\/v2\/media?parent=15"}],"curies":[{"name":"wp","href":"https:\/\/api.w.org\/{rel}","templated":true}]}}